{"id":6167,"date":"2024-07-29T14:44:21","date_gmt":"2024-07-29T11:44:21","guid":{"rendered":"https:\/\/mesalekazan.com\/frequently-asked-questions\/"},"modified":"2024-08-05T13:16:32","modified_gmt":"2024-08-05T10:16:32","slug":"frequently-asked-questions","status":"publish","type":"page","link":"https:\/\/mesalekazan.com\/en\/frequently-asked-questions\/","title":{"rendered":"Frequently Asked Questions"},"content":{"rendered":"\t\t<div data-elementor-type=\"wp-page\" data-elementor-id=\"6167\" class=\"elementor elementor-6167\" data-elementor-post-type=\"page\">\n\t\t\t\t<div class=\"elementor-element elementor-element-0f6065b e-grid e-con-boxed e-con e-parent\" data-id=\"0f6065b\" data-element_type=\"container\" data-e-type=\"container\">\n\t\t\t\t\t<div class=\"e-con-inner\">\n\t\t\t\t<div class=\"elementor-element elementor-element-5eaf1b0 elementor-widget elementor-widget-image\" data-id=\"5eaf1b0\" data-element_type=\"widget\" data-e-type=\"widget\" data-widget_type=\"image.default\">\n\t\t\t\t<div class=\"elementor-widget-container\">\n\t\t\t\t\t\t\t\t\t\t\t\t\t\t\t<img fetchpriority=\"high\" decoding=\"async\" width=\"1530\" height=\"1148\" src=\"https:\/\/mesalekazan.com\/wp-content\/uploads\/2024\/07\/68c9e291-1f29-4f65-bb92-fa40866fe912-1530x1148.jpg\" class=\"attachment-large size-large wp-image-5376\" alt=\"\" srcset=\"https:\/\/mesalekazan.com\/wp-content\/uploads\/2024\/07\/68c9e291-1f29-4f65-bb92-fa40866fe912-1530x1148.jpg 1530w, https:\/\/mesalekazan.com\/wp-content\/uploads\/2024\/07\/68c9e291-1f29-4f65-bb92-fa40866fe912-460x345.jpg 460w, https:\/\/mesalekazan.com\/wp-content\/uploads\/2024\/07\/68c9e291-1f29-4f65-bb92-fa40866fe912-765x574.jpg 765w, https:\/\/mesalekazan.com\/wp-content\/uploads\/2024\/07\/68c9e291-1f29-4f65-bb92-fa40866fe912-1536x1152.jpg 1536w, https:\/\/mesalekazan.com\/wp-content\/uploads\/2024\/07\/68c9e291-1f29-4f65-bb92-fa40866fe912-300x225.jpg 300w, https:\/\/mesalekazan.com\/wp-content\/uploads\/2024\/07\/68c9e291-1f29-4f65-bb92-fa40866fe912-600x450.jpg 600w, https:\/\/mesalekazan.com\/wp-content\/uploads\/2024\/07\/68c9e291-1f29-4f65-bb92-fa40866fe912.jpg 1600w\" sizes=\"(max-width: 1530px) 100vw, 1530px\" \/>\t\t\t\t\t\t\t\t\t\t\t\t\t\t\t<\/div>\n\t\t\t\t<\/div>\n\t\t\t\t<div class=\"elementor-element elementor-element-5507cbb elementor-widget elementor-widget-accordion\" data-id=\"5507cbb\" data-element_type=\"widget\" data-e-type=\"widget\" data-widget_type=\"accordion.default\">\n\t\t\t\t<div class=\"elementor-widget-container\">\n\t\t\t\t\t\t\t<div class=\"elementor-accordion\">\n\t\t\t\t\t\t\t<div class=\"elementor-accordion-item\">\n\t\t\t\t\t<div id=\"elementor-tab-title-8911\" class=\"elementor-tab-title\" data-tab=\"1\" role=\"button\" aria-controls=\"elementor-tab-content-8911\" aria-expanded=\"false\">\n\t\t\t\t\t\t\t\t\t\t\t\t\t<span class=\"elementor-accordion-icon elementor-accordion-icon-left\" aria-hidden=\"true\">\n\t\t\t\t\t\t\t\t\t\t\t\t\t\t\t<span class=\"elementor-accordion-icon-closed\"><svg class=\"e-font-icon-svg e-fas-plus\" viewBox=\"0 0 448 512\" xmlns=\"http:\/\/www.w3.org\/2000\/svg\"><path d=\"M416 208H272V64c0-17.67-14.33-32-32-32h-32c-17.67 0-32 14.33-32 32v144H32c-17.67 0-32 14.33-32 32v32c0 17.67 14.33 32 32 32h144v144c0 17.67 14.33 32 32 32h32c17.67 0 32-14.33 32-32V304h144c17.67 0 32-14.33 32-32v-32c0-17.67-14.33-32-32-32z\"><\/path><\/svg><\/span>\n\t\t\t\t\t\t\t\t<span class=\"elementor-accordion-icon-opened\"><svg class=\"e-font-icon-svg e-fas-minus\" viewBox=\"0 0 448 512\" xmlns=\"http:\/\/www.w3.org\/2000\/svg\"><path d=\"M416 208H32c-17.67 0-32 14.33-32 32v32c0 17.67 14.33 32 32 32h384c17.67 0 32-14.33 32-32v-32c0-17.67-14.33-32-32-32z\"><\/path><\/svg><\/span>\n\t\t\t\t\t\t\t\t\t\t\t\t\t\t<\/span>\n\t\t\t\t\t\t\t\t\t\t\t\t<a class=\"elementor-accordion-title\" tabindex=\"0\">#1. \u00c7ay Kazan\u0131 Al\u0131rken Nelere Dikkat Etmelisiniz?<\/a>\n\t\t\t\t\t<\/div>\n\t\t\t\t\t<div id=\"elementor-tab-content-8911\" class=\"elementor-tab-content elementor-clearfix\" data-tab=\"1\" role=\"region\" aria-labelledby=\"elementor-tab-title-8911\"><h3>1. \u00c7ay Kazan\u0131 Al\u0131rken Nelere Dikkat Etmelisiniz?<\/h3><p><strong>\u00c7ay Kazan\u0131 Al\u0131rken Nelere Dikkat Etmelisiniz?<\/strong><\/p><p>\u00c7ay kazan\u0131, i\u015fletmelerin \u00e7ay servisini h\u0131zl\u0131 ve verimli bir \u015fekilde yapabilmesi i\u00e7in vazge\u00e7ilmez bir ekipmand\u0131r. Peki, \u00e7ay kazan\u0131 al\u0131rken nelere dikkat etmelisiniz? \u0130\u015fte size yard\u0131mc\u0131 olacak birka\u00e7 ipucu:<\/p><ol><li><p><strong>Kapasite:<\/strong> \u0130\u015fletmenizin b\u00fcy\u00fckl\u00fc\u011f\u00fcne ve g\u00fcnl\u00fck \u00e7ay t\u00fcketiminize g\u00f6re do\u011fru kapasitede bir \u00e7ay kazan\u0131 se\u00e7mek \u00f6nemlidir. K\u00fc\u00e7\u00fck i\u015fletmeler i\u00e7in 10-20 litre kapasiteli kazanlar yeterli olabilirken, b\u00fcy\u00fck i\u015fletmeler i\u00e7in 40-60 litre kapasiteli kazanlar daha uygun olacakt\u0131r.<\/p><\/li><li><p><strong>Enerji T\u00fcketimi:<\/strong> Enerji verimlili\u011fi y\u00fcksek olan \u00e7ay kazanlar\u0131n\u0131 tercih ederek enerji maliyetlerinizi d\u00fc\u015f\u00fcrebilirsiniz. Bu t\u00fcr kazanlar, hem \u00e7evre dostu hem de ekonomik bir \u00e7\u00f6z\u00fcm sunar.<\/p><\/li><li><p><strong>Malzeme Kalitesi:<\/strong> Paslanmaz \u00e7elik gibi dayan\u0131kl\u0131 ve uzun \u00f6m\u00fcrl\u00fc malzemelerden yap\u0131lm\u0131\u015f \u00e7ay kazanlar\u0131 tercih edilmelidir. Bu, kazan\u0131n\u0131z\u0131n uzun s\u00fcre boyunca sorunsuz \u00e7al\u0131\u015fmas\u0131n\u0131 sa\u011flar.<\/p><\/li><li><p><strong>G\u00fcvenlik \u00d6zellikleri:<\/strong> Otomatik kapanma, su seviyesi g\u00f6stergesi ve s\u0131cakl\u0131k kontrol\u00fc gibi g\u00fcvenlik \u00f6zelliklerine sahip \u00e7ay kazanlar\u0131, kullan\u0131c\u0131 g\u00fcvenli\u011fini art\u0131r\u0131r ve olas\u0131 kazalar\u0131 \u00f6nler.<\/p><\/li><li><p><strong>Bak\u0131m ve Temizlik Kolayl\u0131\u011f\u0131:<\/strong> Kolay temizlenebilir ve bak\u0131m\u0131 basit olan \u00e7ay kazanlar\u0131, hijyen standartlar\u0131n\u0131 koruman\u0131za yard\u0131mc\u0131 olur. Par\u00e7alar\u0131n\u0131n \u00e7\u0131kar\u0131labilir ve y\u0131kanabilir olmas\u0131na dikkat edin.<\/p><\/li><\/ol><\/div>\n\t\t\t\t<\/div>\n\t\t\t\t\t\t\t<div class=\"elementor-accordion-item\">\n\t\t\t\t\t<div id=\"elementor-tab-title-8912\" class=\"elementor-tab-title\" data-tab=\"2\" role=\"button\" aria-controls=\"elementor-tab-content-8912\" aria-expanded=\"false\">\n\t\t\t\t\t\t\t\t\t\t\t\t\t<span class=\"elementor-accordion-icon elementor-accordion-icon-left\" aria-hidden=\"true\">\n\t\t\t\t\t\t\t\t\t\t\t\t\t\t\t<span class=\"elementor-accordion-icon-closed\"><svg class=\"e-font-icon-svg e-fas-plus\" viewBox=\"0 0 448 512\" xmlns=\"http:\/\/www.w3.org\/2000\/svg\"><path d=\"M416 208H272V64c0-17.67-14.33-32-32-32h-32c-17.67 0-32 14.33-32 32v144H32c-17.67 0-32 14.33-32 32v32c0 17.67 14.33 32 32 32h144v144c0 17.67 14.33 32 32 32h32c17.67 0 32-14.33 32-32V304h144c17.67 0 32-14.33 32-32v-32c0-17.67-14.33-32-32-32z\"><\/path><\/svg><\/span>\n\t\t\t\t\t\t\t\t<span class=\"elementor-accordion-icon-opened\"><svg class=\"e-font-icon-svg e-fas-minus\" viewBox=\"0 0 448 512\" xmlns=\"http:\/\/www.w3.org\/2000\/svg\"><path d=\"M416 208H32c-17.67 0-32 14.33-32 32v32c0 17.67 14.33 32 32 32h384c17.67 0 32-14.33 32-32v-32c0-17.67-14.33-32-32-32z\"><\/path><\/svg><\/span>\n\t\t\t\t\t\t\t\t\t\t\t\t\t\t<\/span>\n\t\t\t\t\t\t\t\t\t\t\t\t<a class=\"elementor-accordion-title\" tabindex=\"0\"> #2. \u00c7ay Kazanlar\u0131nda Teknolojik Yenilikler Nelerdir?<\/a>\n\t\t\t\t\t<\/div>\n\t\t\t\t\t<div id=\"elementor-tab-content-8912\" class=\"elementor-tab-content elementor-clearfix\" data-tab=\"2\" role=\"region\" aria-labelledby=\"elementor-tab-title-8912\"><p>\u00c7ay kazanlar\u0131, teknolojinin ilerlemesiyle birlikte daha kullan\u0131c\u0131 dostu ve verimli hale gelmi\u015ftir. \u0130\u015fte \u00e7ay kazanlar\u0131nda son y\u0131llarda \u00f6ne \u00e7\u0131kan teknolojik yenilikler:<\/p><ol><li><p><strong>Dijital Kontroller:<\/strong> Dijital ekranlar ve otomatik s\u0131cakl\u0131k ayarlamalar\u0131 sayesinde, \u00e7ay kazanlar\u0131n\u0131 daha hassas ve kolay bir \u015fekilde kontrol edebilirsiniz. Bu \u00f6zellik, \u00e7ay\u0131n s\u00fcrekli olarak ideal s\u0131cakl\u0131kta kalmas\u0131n\u0131 sa\u011flar.<\/p><\/li><li><p><strong>Enerji Verimlili\u011fi:<\/strong> Yeni nesil \u00e7ay kazanlar\u0131, enerji tasarrufu sa\u011flayan \u00f6zelliklere sahiptir. Is\u0131 yal\u0131t\u0131m\u0131 ve otomatik kapanma gibi \u00f6zellikler, enerji t\u00fcketimini azaltarak maliyetlerinizi d\u00fc\u015f\u00fcr\u00fcr.<\/p><\/li><li><p><strong>Ak\u0131ll\u0131 Sens\u00f6rler:<\/strong> Su seviyesini otomatik olarak alg\u0131layan sens\u00f6rler, kazan\u0131n\u0131z\u0131n su seviyesini s\u00fcrekli kontrol alt\u0131nda tutar. Bu, hem g\u00fcvenli\u011fi art\u0131r\u0131r hem de \u00e7ay\u0131n s\u00fcrekli haz\u0131r olmas\u0131n\u0131 sa\u011flar.<\/p><\/li><li><p><strong>Uzaktan Kontrol:<\/strong> Wi-Fi ve Bluetooth ba\u011flant\u0131s\u0131 ile uzaktan kontrol edilebilen \u00e7ay kazanlar\u0131, i\u015fletmenizdeki di\u011fer cihazlarla entegrasyon sa\u011flar ve operasyonel verimlili\u011fi art\u0131r\u0131r.<\/p><\/li><li><p><strong>H\u0131zl\u0131 Is\u0131tma:<\/strong> Geli\u015fmi\u015f \u0131s\u0131tma teknolojileri sayesinde, \u00e7ay kazanlar\u0131 daha h\u0131zl\u0131 bir \u015fekilde \u0131s\u0131narak \u00e7ay\u0131n k\u0131sa s\u00fcrede servise haz\u0131r olmas\u0131n\u0131 sa\u011flar. Bu, yo\u011fun saatlerde bile h\u0131zl\u0131 servis imkan\u0131 sunar.<\/p><\/li><\/ol><\/div>\n\t\t\t\t<\/div>\n\t\t\t\t\t\t\t<div class=\"elementor-accordion-item\">\n\t\t\t\t\t<div id=\"elementor-tab-title-8913\" class=\"elementor-tab-title\" data-tab=\"3\" role=\"button\" aria-controls=\"elementor-tab-content-8913\" aria-expanded=\"false\">\n\t\t\t\t\t\t\t\t\t\t\t\t\t<span class=\"elementor-accordion-icon elementor-accordion-icon-left\" aria-hidden=\"true\">\n\t\t\t\t\t\t\t\t\t\t\t\t\t\t\t<span class=\"elementor-accordion-icon-closed\"><svg class=\"e-font-icon-svg e-fas-plus\" viewBox=\"0 0 448 512\" xmlns=\"http:\/\/www.w3.org\/2000\/svg\"><path d=\"M416 208H272V64c0-17.67-14.33-32-32-32h-32c-17.67 0-32 14.33-32 32v144H32c-17.67 0-32 14.33-32 32v32c0 17.67 14.33 32 32 32h144v144c0 17.67 14.33 32 32 32h32c17.67 0 32-14.33 32-32V304h144c17.67 0 32-14.33 32-32v-32c0-17.67-14.33-32-32-32z\"><\/path><\/svg><\/span>\n\t\t\t\t\t\t\t\t<span class=\"elementor-accordion-icon-opened\"><svg class=\"e-font-icon-svg e-fas-minus\" viewBox=\"0 0 448 512\" xmlns=\"http:\/\/www.w3.org\/2000\/svg\"><path d=\"M416 208H32c-17.67 0-32 14.33-32 32v32c0 17.67 14.33 32 32 32h384c17.67 0 32-14.33 32-32v-32c0-17.67-14.33-32-32-32z\"><\/path><\/svg><\/span>\n\t\t\t\t\t\t\t\t\t\t\t\t\t\t<\/span>\n\t\t\t\t\t\t\t\t\t\t\t\t<a class=\"elementor-accordion-title\" tabindex=\"0\"> #3. \u00c7ay Kazan\u0131 Kullan\u0131rken Hangi Hatalardan Ka\u00e7\u0131nmal\u0131s\u0131n\u0131z?<\/a>\n\t\t\t\t\t<\/div>\n\t\t\t\t\t<div id=\"elementor-tab-content-8913\" class=\"elementor-tab-content elementor-clearfix\" data-tab=\"3\" role=\"region\" aria-labelledby=\"elementor-tab-title-8913\"><p><strong>\u00c7ay Kazan\u0131 Kullan\u0131rken Hangi Hatalardan Ka\u00e7\u0131nmal\u0131s\u0131n\u0131z?<\/strong><\/p><p>\u00c7ay kazan\u0131 kullan\u0131m\u0131 s\u0131ras\u0131nda yap\u0131lan hatalar, cihaz\u0131n \u00f6mr\u00fcn\u00fc k\u0131saltabilir ve verimlili\u011fini d\u00fc\u015f\u00fcrebilir. \u0130\u015fte \u00e7ay kazan\u0131 kullan\u0131rken ka\u00e7\u0131nman\u0131z gereken baz\u0131 yayg\u0131n hatalar:<\/p><ol><li><p><strong>A\u015f\u0131r\u0131 Doldurma:<\/strong> \u00c7ay kazan\u0131n\u0131 a\u015f\u0131r\u0131 doldurmak, ta\u015fma ve suyun kaynama s\u0131ras\u0131nda d\u0131\u015far\u0131 ta\u015fmas\u0131 gibi sorunlara yol a\u00e7abilir. Her zaman \u00fcretici taraf\u0131ndan belirtilen maksimum su seviyesine dikkat edin.<\/p><\/li><li><p><strong>Temizli\u011fi \u0130hmal Etme:<\/strong> \u00c7ay kazan\u0131n\u0131n d\u00fczenli olarak temizlenmemesi, kire\u00e7lenme ve di\u011fer birikintilerin olu\u015fmas\u0131na neden olabilir. Bu da cihaz\u0131n performans\u0131n\u0131 d\u00fc\u015f\u00fcr\u00fcr ve ar\u0131zalara yol a\u00e7abilir. Haftal\u0131k ve ayl\u0131k temizlik rutinlerine uyun.<\/p><\/li><li><p><strong>Yanl\u0131\u015f Su Kullan\u0131m\u0131:<\/strong> Sadece i\u00e7me suyu kalitesinde su kullanmak, \u00e7ay kazan\u0131n\u0131z\u0131n \u00f6mr\u00fcn\u00fc uzat\u0131r ve kire\u00e7lenme sorunlar\u0131n\u0131 azalt\u0131r. Musluk suyu yerine filtrelenmi\u015f veya ar\u0131t\u0131lm\u0131\u015f su kullanmay\u0131 tercih edin.<\/p><\/li><li><p><strong>A\u015f\u0131r\u0131 Is\u0131tma:<\/strong> \u00c7ay kazan\u0131n\u0131 gere\u011finden fazla \u0131s\u0131tmak, hem enerji israf\u0131na neden olur hem de cihaz\u0131n i\u00e7 bile\u015fenlerine zarar verebilir. Otomatik s\u0131cakl\u0131k kontrol \u00f6zelliklerini kullanarak ideal s\u0131cakl\u0131kta \u00e7al\u0131\u015fmas\u0131n\u0131 sa\u011flay\u0131n.<\/p><\/li><li><p><strong>G\u00fcvenlik \u00d6nlemlerini \u0130hmal Etme:<\/strong> G\u00fcvenlik \u00f6zelliklerini devre d\u0131\u015f\u0131 b\u0131rakmak veya g\u00f6z ard\u0131 etmek, kazalara ve ciddi sorunlara yol a\u00e7abilir. Her zaman \u00fcretici talimatlar\u0131na uygun \u015fekilde kullan\u0131n ve g\u00fcvenlik \u00f6nlemlerini dikkate al\u0131n.<\/p><\/li><\/ol><\/div>\n\t\t\t\t<\/div>\n\t\t\t\t\t\t\t<div class=\"elementor-accordion-item\">\n\t\t\t\t\t<div id=\"elementor-tab-title-8914\" class=\"elementor-tab-title\" data-tab=\"4\" role=\"button\" aria-controls=\"elementor-tab-content-8914\" aria-expanded=\"false\">\n\t\t\t\t\t\t\t\t\t\t\t\t\t<span class=\"elementor-accordion-icon elementor-accordion-icon-left\" aria-hidden=\"true\">\n\t\t\t\t\t\t\t\t\t\t\t\t\t\t\t<span class=\"elementor-accordion-icon-closed\"><svg class=\"e-font-icon-svg e-fas-plus\" viewBox=\"0 0 448 512\" xmlns=\"http:\/\/www.w3.org\/2000\/svg\"><path d=\"M416 208H272V64c0-17.67-14.33-32-32-32h-32c-17.67 0-32 14.33-32 32v144H32c-17.67 0-32 14.33-32 32v32c0 17.67 14.33 32 32 32h144v144c0 17.67 14.33 32 32 32h32c17.67 0 32-14.33 32-32V304h144c17.67 0 32-14.33 32-32v-32c0-17.67-14.33-32-32-32z\"><\/path><\/svg><\/span>\n\t\t\t\t\t\t\t\t<span class=\"elementor-accordion-icon-opened\"><svg class=\"e-font-icon-svg e-fas-minus\" viewBox=\"0 0 448 512\" xmlns=\"http:\/\/www.w3.org\/2000\/svg\"><path d=\"M416 208H32c-17.67 0-32 14.33-32 32v32c0 17.67 14.33 32 32 32h384c17.67 0 32-14.33 32-32v-32c0-17.67-14.33-32-32-32z\"><\/path><\/svg><\/span>\n\t\t\t\t\t\t\t\t\t\t\t\t\t\t<\/span>\n\t\t\t\t\t\t\t\t\t\t\t\t<a class=\"elementor-accordion-title\" tabindex=\"0\"> #4.\u00c7ay Kazanlar\u0131 ve Enerji Verimlili\u011fi: Nas\u0131l Tasarruf Sa\u011flayabilirsiniz?<\/a>\n\t\t\t\t\t<\/div>\n\t\t\t\t\t<div id=\"elementor-tab-content-8914\" class=\"elementor-tab-content elementor-clearfix\" data-tab=\"4\" role=\"region\" aria-labelledby=\"elementor-tab-title-8914\"><p><strong>\u00c7ay Kazanlar\u0131 ve Enerji Verimlili\u011fi: Nas\u0131l Tasarruf Sa\u011flayabilirsiniz?<\/strong><\/p><p>\u00c7ay kazanlar\u0131, do\u011fru kullan\u0131ld\u0131\u011f\u0131nda enerji verimlili\u011fi sa\u011flayarak i\u015fletme maliyetlerini d\u00fc\u015f\u00fcrebilir. \u0130\u015fte \u00e7ay kazanlar\u0131nda enerji tasarrufu sa\u011flayacak baz\u0131 ipu\u00e7lar\u0131:<\/p><ol><li><p><strong>Enerji Verimli Modeller:<\/strong> Enerji verimlili\u011fi y\u00fcksek olan \u00e7ay kazanlar\u0131n\u0131 tercih edin. Bu t\u00fcr cihazlar, daha az enerji t\u00fcketir ve uzun vadede tasarruf sa\u011flar.<\/p><\/li><li><p><strong>Is\u0131 Yal\u0131t\u0131m\u0131:<\/strong> \u00c7ay kazan\u0131n\u0131n iyi bir \u0131s\u0131 yal\u0131t\u0131m\u0131na sahip olmas\u0131, enerji kayb\u0131n\u0131 azalt\u0131r. \u00c7ift katmanl\u0131 veya izole edilmi\u015f modelleri tercih ederek \u0131s\u0131 kayb\u0131n\u0131 en aza indirin.<\/p><\/li><li><p><strong>Otomatik Kapanma:<\/strong> Kullan\u0131lmad\u0131\u011f\u0131nda otomatik olarak kapanan \u00e7ay kazanlar\u0131, gereksiz enerji t\u00fcketimini \u00f6nler. Bu \u00f6zellik, hem g\u00fcvenlik sa\u011flar hem de enerji tasarrufu yapman\u0131za yard\u0131mc\u0131 olur.<\/p><\/li><li><p><strong>D\u00fczenli Bak\u0131m:<\/strong> \u00c7ay kazan\u0131n\u0131n d\u00fczenli bak\u0131m ve temizli\u011fi, cihaz\u0131n verimli \u00e7al\u0131\u015fmas\u0131n\u0131 sa\u011flar. Kire\u00e7 birikimi ve di\u011fer kal\u0131nt\u0131lar, cihaz\u0131n daha fazla enerji t\u00fcketmesine neden olabilir. Temizlik ve bak\u0131m rutinlerine dikkat edin.<\/p><\/li><li><p><strong>Do\u011fru Kapasite Se\u00e7imi:<\/strong> \u0130\u015fletmenizin ihtiya\u00e7lar\u0131na uygun kapasitede bir \u00e7ay kazan\u0131 se\u00e7in. Gere\u011finden b\u00fcy\u00fck bir kazan, fazla enerji t\u00fcketimine neden olabilirken, k\u00fc\u00e7\u00fck bir kazan yetersiz kalabilir ve s\u00fcrekli \u00e7al\u0131\u015fmas\u0131 gerekebilir.<\/p><\/li><\/ol><\/div>\n\t\t\t\t<\/div>\n\t\t\t\t\t\t\t<div class=\"elementor-accordion-item\">\n\t\t\t\t\t<div id=\"elementor-tab-title-8915\" class=\"elementor-tab-title\" data-tab=\"5\" role=\"button\" aria-controls=\"elementor-tab-content-8915\" aria-expanded=\"false\">\n\t\t\t\t\t\t\t\t\t\t\t\t\t<span class=\"elementor-accordion-icon elementor-accordion-icon-left\" aria-hidden=\"true\">\n\t\t\t\t\t\t\t\t\t\t\t\t\t\t\t<span class=\"elementor-accordion-icon-closed\"><svg class=\"e-font-icon-svg e-fas-plus\" viewBox=\"0 0 448 512\" xmlns=\"http:\/\/www.w3.org\/2000\/svg\"><path d=\"M416 208H272V64c0-17.67-14.33-32-32-32h-32c-17.67 0-32 14.33-32 32v144H32c-17.67 0-32 14.33-32 32v32c0 17.67 14.33 32 32 32h144v144c0 17.67 14.33 32 32 32h32c17.67 0 32-14.33 32-32V304h144c17.67 0 32-14.33 32-32v-32c0-17.67-14.33-32-32-32z\"><\/path><\/svg><\/span>\n\t\t\t\t\t\t\t\t<span class=\"elementor-accordion-icon-opened\"><svg class=\"e-font-icon-svg e-fas-minus\" viewBox=\"0 0 448 512\" xmlns=\"http:\/\/www.w3.org\/2000\/svg\"><path d=\"M416 208H32c-17.67 0-32 14.33-32 32v32c0 17.67 14.33 32 32 32h384c17.67 0 32-14.33 32-32v-32c0-17.67-14.33-32-32-32z\"><\/path><\/svg><\/span>\n\t\t\t\t\t\t\t\t\t\t\t\t\t\t<\/span>\n\t\t\t\t\t\t\t\t\t\t\t\t<a class=\"elementor-accordion-title\" tabindex=\"0\"> #5. \u00c7ay Kazanlar\u0131 \u0130\u00e7in Bak\u0131m ve Temizlik \u0130pu\u00e7lar\u0131.<\/a>\n\t\t\t\t\t<\/div>\n\t\t\t\t\t<div id=\"elementor-tab-content-8915\" class=\"elementor-tab-content elementor-clearfix\" data-tab=\"5\" role=\"region\" aria-labelledby=\"elementor-tab-title-8915\"><p><strong>\u00c7ay Kazanlar\u0131 \u0130\u00e7in Bak\u0131m ve Temizlik \u0130pu\u00e7lar\u0131<\/strong><\/p><p>\u00c7ay kazan\u0131n\u0131z\u0131n uzun \u00f6m\u00fcrl\u00fc ve verimli olmas\u0131n\u0131 sa\u011flamak i\u00e7in d\u00fczenli bak\u0131m ve temizlik \u00f6nemlidir. \u0130\u015fte \u00e7ay kazanlar\u0131 i\u00e7in baz\u0131 bak\u0131m ve temizlik ipu\u00e7lar\u0131:<\/p><ol><li><p><strong>G\u00fcnl\u00fck Temizlik:<\/strong> Her kullan\u0131mdan sonra \u00e7ay kazan\u0131n\u0131n i\u00e7ini ve d\u0131\u015f\u0131n\u0131 temiz su ile durulay\u0131n. Bu, \u00e7ay\u0131n taze kalmas\u0131n\u0131 sa\u011flar ve k\u00f6t\u00fc kokular\u0131 \u00f6nler.<\/p><\/li><li><p><strong>Haftal\u0131k Temizlik:<\/strong> Haftada bir kez, \u00e7ay kazan\u0131n\u0131n i\u00e7ini sirke veya limon suyu ile temizleyin. Bu, kire\u00e7 birikimini azalt\u0131r ve cihaz\u0131n performans\u0131n\u0131 korur. Temizlik sonras\u0131 bol su ile durulamay\u0131 unutmay\u0131n.<\/p><\/li><li><p><strong>Ayl\u0131k Bak\u0131m:<\/strong> Ayda bir kez, \u00e7ay kazan\u0131n\u0131n t\u00fcm par\u00e7alar\u0131n\u0131 \u00e7\u0131kararak detayl\u0131 bir temizlik yap\u0131n. Filtreleri ve musluklar\u0131 kontrol edin, gerekirse de\u011fi\u015ftirin. Elektrikli bile\u015fenlere su de\u011fdirmemeye \u00f6zen g\u00f6sterin.<\/p><\/li><li><p><strong>Kire\u00e7 \u00c7\u00f6z\u00fcc\u00fc Kullan\u0131m\u0131:<\/strong> Belirli aral\u0131klarla, \u00e7ay kazan\u0131 \u00fcreticisinin \u00f6nerdi\u011fi kire\u00e7 \u00e7\u00f6z\u00fcc\u00fc \u00fcr\u00fcnleri kullanarak cihaz\u0131n kire\u00e7ten ar\u0131nmas\u0131n\u0131 sa\u011flay\u0131n. Bu, \u0131s\u0131tma performans\u0131n\u0131 art\u0131r\u0131r ve cihaz\u0131n \u00f6mr\u00fcn\u00fc uzat\u0131r.<\/p><\/li><li><p><strong>G\u00fcvenlik Kontrolleri:<\/strong> D\u00fczenli olarak \u00e7ay kazan\u0131n\u0131n g\u00fcvenlik \u00f6zelliklerini kontrol edin. Otomatik kapanma, su seviyesi g\u00f6stergesi ve s\u0131cakl\u0131k kontrol\u00fc gibi \u00f6zelliklerin d\u00fczg\u00fcn \u00e7al\u0131\u015ft\u0131\u011f\u0131ndan emin olun.<\/p><\/li><\/ol><\/div>\n\t\t\t\t<\/div>\n\t\t\t\t\t\t\t\t<\/div>\n\t\t\t\t\t\t<\/div>\n\t\t\t\t<\/div>\n\t\t\t\t\t<\/div>\n\t\t\t\t<\/div>\n\t\t\t\t<\/div>\n\t\t","protected":false},"excerpt":{"rendered":"<p>#1. \u00c7ay Kazan\u0131 Al\u0131rken Nelere Dikkat Etmelisiniz? 1. \u00c7ay Kazan\u0131 Al\u0131rken Nelere Dikkat Etmelisiniz? \u00c7ay Kazan\u0131 Al\u0131rken Nelere Dikkat Etmelisiniz?\u00c7ay kazan\u0131, i\u015fletmelerin \u00e7ay servisini h\u0131zl\u0131 ve verimli bir \u015fekilde yapabilmesi i\u00e7in vazge\u00e7ilmez bir ekipmand\u0131r. Peki, \u00e7ay kazan\u0131 al\u0131rken nelere dikkat etmelisiniz? \u0130\u015fte size yard\u0131mc\u0131 olacak birka\u00e7 ipucu: Kapasite: \u0130\u015fletmenizin b\u00fcy\u00fckl\u00fc\u011f\u00fcne ve g\u00fcnl\u00fck \u00e7ay t\u00fcketiminize g\u00f6re [&hellip;]<\/p>\n","protected":false},"author":1,"featured_media":0,"parent":0,"menu_order":0,"comment_status":"closed","ping_status":"closed","template":"","meta":{"footnotes":""},"class_list":["post-6167","page","type-page","status-publish","hentry"],"_links":{"self":[{"href":"https:\/\/mesalekazan.com\/en\/wp-json\/wp\/v2\/pages\/6167","targetHints":{"allow":["GET"]}}],"collection":[{"href":"https:\/\/mesalekazan.com\/en\/wp-json\/wp\/v2\/pages"}],"about":[{"href":"https:\/\/mesalekazan.com\/en\/wp-json\/wp\/v2\/types\/page"}],"author":[{"embeddable":true,"href":"https:\/\/mesalekazan.com\/en\/wp-json\/wp\/v2\/users\/1"}],"replies":[{"embeddable":true,"href":"https:\/\/mesalekazan.com\/en\/wp-json\/wp\/v2\/comments?post=6167"}],"version-history":[{"count":2,"href":"https:\/\/mesalekazan.com\/en\/wp-json\/wp\/v2\/pages\/6167\/revisions"}],"predecessor-version":[{"id":6172,"href":"https:\/\/mesalekazan.com\/en\/wp-json\/wp\/v2\/pages\/6167\/revisions\/6172"}],"wp:attachment":[{"href":"https:\/\/mesalekazan.com\/en\/wp-json\/wp\/v2\/media?parent=6167"}],"curies":[{"name":"wp","href":"https:\/\/api.w.org\/{rel}","templated":true}]}}