{"id":6166,"date":"2024-07-29T13:43:20","date_gmt":"2024-07-29T10:43:20","guid":{"rendered":"https:\/\/mesalekazan.com\/campaigns\/"},"modified":"2024-08-05T13:00:02","modified_gmt":"2024-08-05T10:00:02","slug":"campaigns","status":"publish","type":"page","link":"https:\/\/mesalekazan.com\/en\/campaigns\/","title":{"rendered":"Campaigns"},"content":{"rendered":"\t\t<div data-elementor-type=\"wp-page\" data-elementor-id=\"6166\" class=\"elementor elementor-6166\" data-elementor-post-type=\"page\">\n\t\t\t\t<div class=\"elementor-element elementor-element-ebad0c4 e-con-full e-flex e-con e-parent\" data-id=\"ebad0c4\" data-element_type=\"container\" data-e-type=\"container\">\n\t\t\t\t<div class=\"elementor-element elementor-element-658e556 elementor-widget elementor-widget-heading\" data-id=\"658e556\" data-element_type=\"widget\" data-e-type=\"widget\" data-widget_type=\"heading.default\">\n\t\t\t\t<div class=\"elementor-widget-container\">\n\t\t\t\t\t<h2 class=\"elementor-heading-title elementor-size-default\">             Me\u015falekazan \u00c7ay Kazan\u0131 Kampanyalar\u0131\n<\/h2>\t\t\t\t<\/div>\n\t\t\t\t<\/div>\n\t\t\t\t<div class=\"elementor-element elementor-element-5a54edb elementor-widget elementor-widget-text-editor\" data-id=\"5a54edb\" data-element_type=\"widget\" data-e-type=\"widget\" data-widget_type=\"text-editor.default\">\n\t\t\t\t<div class=\"elementor-widget-container\">\n\t\t\t\t\t\t\t\t\t<p>Me\u015falekazan olarak siz de\u011ferli m\u00fc\u015fterilerimize \u00f6zel kampanyalar sunmaktan mutluluk duyuyoruz. Kaliteli ve enerji tasarruflu \u00e7ay kazanlar\u0131m\u0131zda d\u00f6nemsel indirimler, \u00f6zel f\u0131rsatlar ve hediye \u00fcr\u00fcnler ile i\u015fletmenizin ihtiya\u00e7lar\u0131n\u0131 en uygun fiyatlarla kar\u015f\u0131laman\u0131z\u0131 sa\u011fl\u0131yoruz.<\/p><p>Mevcut kampanyalar\u0131m\u0131z hakk\u0131nda bilgi almak ve avantajl\u0131 al\u0131\u015fveri\u015f f\u0131rsatlar\u0131ndan yararlanmak i\u00e7in kampanyalar sayfam\u0131z\u0131 d\u00fczenli olarak ziyaret edin. F\u0131rsatlar\u0131 ka\u00e7\u0131rmamak i\u00e7in hemen bizimle ileti\u015fime ge\u00e7in ve size en uygun kampanyadan faydalan\u0131n!<\/p>\t\t\t\t\t\t\t\t<\/div>\n\t\t\t\t<\/div>\n\t\t\t\t<\/div>\n\t\t<div class=\"elementor-element elementor-element-2a68808b e-con-full e-flex e-con e-parent\" data-id=\"2a68808b\" data-element_type=\"container\" data-e-type=\"container\">\n\t\t<div class=\"elementor-element elementor-element-8ed0d51 e-con-full e-flex e-con e-child\" data-id=\"8ed0d51\" data-element_type=\"container\" data-e-type=\"container\">\n\t\t\t\t<div class=\"elementor-element elementor-element-558fc4cd elementor-widget__width-auto elementor-widget-mobile__width-inherit elementor-widget elementor-widget-heading\" data-id=\"558fc4cd\" data-element_type=\"widget\" data-e-type=\"widget\" data-widget_type=\"heading.default\">\n\t\t\t\t<div class=\"elementor-widget-container\">\n\t\t\t\t\t<h3 class=\"elementor-heading-title elementor-size-default\">\u00c7ay Kazan\u0131 Kampanyas\u0131: S\u0131cak F\u0131rsatlar!<\/h3>\t\t\t\t<\/div>\n\t\t\t\t<\/div>\n\t\t\t\t<div class=\"elementor-element elementor-element-490d9187 elementor-widget__width-auto elementor-mobile-align-center elementor-widget-mobile__width-inherit elementor-widget elementor-widget-button\" data-id=\"490d9187\" data-element_type=\"widget\" data-e-type=\"widget\" data-widget_type=\"button.default\">\n\t\t\t\t<div class=\"elementor-widget-container\">\n\t\t\t\t\t\t\t\t\t<div class=\"elementor-button-wrapper\">\n\t\t\t\t\t<a class=\"elementor-button elementor-button-link elementor-size-sm\" href=\"\">\n\t\t\t\t\t\t<span class=\"elementor-button-content-wrapper\">\n\t\t\t\t\t\t<span class=\"elementor-button-icon\">\n\t\t\t\t<svg xmlns=\"http:\/\/www.w3.org\/2000\/svg\" id=\"e7693ca5-bf76-42df-999c-dbc3066cda9e\" data-name=\"Layer 1\" width=\"21.3525\" height=\"10.7197\" viewBox=\"0 0 21.3525 10.7197\"><polygon points=\"21 5.229 21.343 4.865 16.165 0 15.479 0.729 19.737 4.729 0 4.729 0 5.729 19.786 5.729 15.47 10.009 16.175 10.72 21.353 5.584 21 5.229\"><\/polygon><\/svg>\t\t\t<\/span>\n\t\t\t\t\t\t\t\t\t<span class=\"elementor-button-text\">S\u0130PAR\u0130\u015e VER<\/span>\n\t\t\t\t\t<\/span>\n\t\t\t\t\t<\/a>\n\t\t\t\t<\/div>\n\t\t\t\t\t\t\t\t<\/div>\n\t\t\t\t<\/div>\n\t\t\t\t<\/div>\n\t\t<div class=\"elementor-element elementor-element-2818b8b9 e-con-full e-flex e-con e-child\" data-id=\"2818b8b9\" data-element_type=\"container\" data-e-type=\"container\">\n\t\t<div class=\"elementor-element elementor-element-6fdd36c1 e-con-full e-flex e-con e-child\" data-id=\"6fdd36c1\" data-element_type=\"container\" data-e-type=\"container\">\n\t\t\t\t<div class=\"elementor-element elementor-element-63a053d8 elementor-widget elementor-widget-image\" data-id=\"63a053d8\" data-element_type=\"widget\" data-e-type=\"widget\" data-widget_type=\"image.default\">\n\t\t\t\t<div class=\"elementor-widget-container\">\n\t\t\t\t\t\t\t\t\t\t\t\t\t\t\t<img fetchpriority=\"high\" decoding=\"async\" width=\"476\" height=\"690\" src=\"https:\/\/mesalekazan.com\/wp-content\/uploads\/2024\/08\/4-demlikli-baki-.png?wsr\" class=\"attachment-full size-full wp-image-5552\" alt=\"\" srcset=\"https:\/\/mesalekazan.com\/wp-content\/uploads\/2024\/08\/4-demlikli-baki-.png 476w, https:\/\/mesalekazan.com\/wp-content\/uploads\/2024\/08\/4-demlikli-baki--460x667.png 460w, https:\/\/mesalekazan.com\/wp-content\/uploads\/2024\/08\/4-demlikli-baki--300x435.png 300w\" sizes=\"(max-width: 476px) 100vw, 476px\" \/>\t\t\t\t\t\t\t\t\t\t\t\t\t\t\t<\/div>\n\t\t\t\t<\/div>\n\t\t\t\t<div class=\"elementor-element elementor-element-44c30103 elementor-invisible elementor-widget elementor-widget-image-box\" data-id=\"44c30103\" data-element_type=\"widget\" data-e-type=\"widget\" data-settings=\"{&quot;_animation&quot;:&quot;fadeInDown&quot;}\" data-widget_type=\"image-box.default\">\n\t\t\t\t<div class=\"elementor-widget-container\">\n\t\t\t\t\t<div class=\"elementor-image-box-wrapper\"><div class=\"elementor-image-box-content\"><h4 class=\"elementor-image-box-title\">Yeni \u0130\u015fletme A\u00e7\u0131l\u0131\u015f\u0131 Kampanyas\u0131<\/h4><p class=\"elementor-image-box-description\">Yeni bir i\u015fletme a\u00e7\u0131yorsan\u0131z, bu f\u0131rsat\u0131 ka\u00e7\u0131rmay\u0131n! \u0130\u015fletmenizin a\u00e7\u0131l\u0131\u015f\u0131nda ihtiya\u00e7 duyaca\u011f\u0131n\u0131z \u00e7ay kazanlar\u0131n\u0131 \u00f6zel fiyatlarla sizlere sunuyoruz. \u0130lk sipari\u015finizde ge\u00e7erli olan %15 indirim ile \u00e7ay kazanlar\u0131m\u0131z\u0131 daha uygun fiyatlarla alabilirsiniz. \u00dcstelik, kurulum ve teknik destek hizmetimizle her zaman yan\u0131n\u0131zday\u0131z.\n\nBu e\u015fsiz f\u0131rsatlardan yararlanmak ve daha fazla bilgi almak i\u00e7in hemen bizimle ileti\u015fime ge\u00e7in. Kaliteli \u00e7ay kazanlar\u0131m\u0131z ve cazip kampanyalar\u0131m\u0131zla i\u015fletmenizin ihtiya\u00e7lar\u0131n\u0131 kar\u015f\u0131lay\u0131n!<\/p><\/div><\/div>\t\t\t\t<\/div>\n\t\t\t\t<\/div>\n\t\t\t\t<\/div>\n\t\t<div class=\"elementor-element elementor-element-3e1fe880 e-con-full e-flex e-con e-child\" data-id=\"3e1fe880\" data-element_type=\"container\" data-e-type=\"container\">\n\t\t\t\t<div class=\"elementor-element elementor-element-757b43ef elementor-widget elementor-widget-image\" data-id=\"757b43ef\" data-element_type=\"widget\" data-e-type=\"widget\" data-widget_type=\"image.default\">\n\t\t\t\t<div class=\"elementor-widget-container\">\n\t\t\t\t\t\t\t\t\t\t\t\t\t\t\t<img decoding=\"async\" width=\"476\" height=\"690\" src=\"https:\/\/mesalekazan.com\/wp-content\/uploads\/2024\/08\/siyah.png?wsr\" class=\"attachment-full size-full wp-image-5553\" alt=\"\" srcset=\"https:\/\/mesalekazan.com\/wp-content\/uploads\/2024\/08\/siyah.png 476w, https:\/\/mesalekazan.com\/wp-content\/uploads\/2024\/08\/siyah-460x667.png 460w, https:\/\/mesalekazan.com\/wp-content\/uploads\/2024\/08\/siyah-300x435.png 300w\" sizes=\"(max-width: 476px) 100vw, 476px\" \/>\t\t\t\t\t\t\t\t\t\t\t\t\t\t\t<\/div>\n\t\t\t\t<\/div>\n\t\t\t\t<div class=\"elementor-element elementor-element-632e8cbc elementor-invisible elementor-widget elementor-widget-image-box\" data-id=\"632e8cbc\" data-element_type=\"widget\" data-e-type=\"widget\" data-settings=\"{&quot;_animation&quot;:&quot;fadeInDown&quot;}\" data-widget_type=\"image-box.default\">\n\t\t\t\t<div class=\"elementor-widget-container\">\n\t\t\t\t\t<div class=\"elementor-image-box-wrapper\"><div class=\"elementor-image-box-content\"><h4 class=\"elementor-image-box-title\">Yaz D\u00f6nemi \u0130ndirim Kampanyas\u0131<\/h4><p class=\"elementor-image-box-description\">S\u0131cak yaz g\u00fcnlerinde i\u015fletmenizde serin ve keyifli anlar ya\u015fatmak i\u00e7in \u00e7ay kazanlar\u0131nda b\u00fcy\u00fck indirimler sizleri bekliyor! Hem do\u011falgazl\u0131 hem de elektrikli \u00e7ay kazanlar\u0131m\u0131zda ge\u00e7erli olan bu kampanya ile %20'ye varan indirimlerden faydalan\u0131n. Kaliteli ve enerji tasarruflu \u00e7ay kazanlar\u0131m\u0131zla yaz\u0131n tad\u0131n\u0131 \u00e7\u0131kar\u0131n.\n\n<\/p><\/div><\/div>\t\t\t\t<\/div>\n\t\t\t\t<\/div>\n\t\t\t\t<\/div>\n\t\t\t\t<\/div>\n\t\t\t\t<\/div>\n\t\t\t\t<\/div>\n\t\t","protected":false},"excerpt":{"rendered":"<p>Me\u015falekazan Tea Boiler Campaigns As Me\u015falekazan, we are happy to offer special campaigns to our valued customers. We ensure that you meet the needs of your business at the most affordable prices with periodic discounts, special offers and gift products in our quality and energy-saving tea boilers. Visit our campaigns page regularly to get information [&hellip;]<\/p>\n","protected":false},"author":1,"featured_media":0,"parent":0,"menu_order":0,"comment_status":"closed","ping_status":"closed","template":"","meta":{"footnotes":""},"class_list":["post-6166","page","type-page","status-publish","hentry"],"_links":{"self":[{"href":"https:\/\/mesalekazan.com\/en\/wp-json\/wp\/v2\/pages\/6166","targetHints":{"allow":["GET"]}}],"collection":[{"href":"https:\/\/mesalekazan.com\/en\/wp-json\/wp\/v2\/pages"}],"about":[{"href":"https:\/\/mesalekazan.com\/en\/wp-json\/wp\/v2\/types\/page"}],"author":[{"embeddable":true,"href":"https:\/\/mesalekazan.com\/en\/wp-json\/wp\/v2\/users\/1"}],"replies":[{"embeddable":true,"href":"https:\/\/mesalekazan.com\/en\/wp-json\/wp\/v2\/comments?post=6166"}],"version-history":[{"count":1,"href":"https:\/\/mesalekazan.com\/en\/wp-json\/wp\/v2\/pages\/6166\/revisions"}],"predecessor-version":[{"id":6169,"href":"https:\/\/mesalekazan.com\/en\/wp-json\/wp\/v2\/pages\/6166\/revisions\/6169"}],"wp:attachment":[{"href":"https:\/\/mesalekazan.com\/en\/wp-json\/wp\/v2\/media?parent=6166"}],"curies":[{"name":"wp","href":"https:\/\/api.w.org\/{rel}","templated":true}]}}