{"id":6160,"date":"2021-01-29T16:32:28","date_gmt":"2021-01-29T13:32:28","guid":{"rendered":"https:\/\/mesalekazan.com\/about-us\/"},"modified":"2021-01-29T16:32:28","modified_gmt":"2021-01-29T13:32:28","slug":"about-us","status":"publish","type":"page","link":"https:\/\/mesalekazan.com\/en\/about-us\/","title":{"rendered":"About Us"},"content":{"rendered":"\t\t<div data-elementor-type=\"wp-page\" data-elementor-id=\"6160\" class=\"elementor elementor-6160\" data-elementor-post-type=\"page\">\n\t\t\t\t\t\t<section class=\"elementor-section elementor-top-section elementor-element elementor-element-2f4a578 elementor-section-boxed elementor-section-height-default elementor-section-height-default\" data-id=\"2f4a578\" data-element_type=\"section\" data-e-type=\"section\">\n\t\t\t\t\t\t<div class=\"elementor-container elementor-column-gap-default\">\n\t\t\t\t\t<div class=\"elementor-column elementor-col-100 elementor-top-column elementor-element elementor-element-e94f979\" data-id=\"e94f979\" data-element_type=\"column\" data-e-type=\"column\">\n\t\t\t<div class=\"elementor-widget-wrap elementor-element-populated\">\n\t\t\t\t\t\t<div class=\"elementor-element elementor-element-b9c1c33 elementor-widget elementor-widget-text-editor\" data-id=\"b9c1c33\" data-element_type=\"widget\" data-e-type=\"widget\" data-widget_type=\"text-editor.default\">\n\t\t\t\t<div class=\"elementor-widget-container\">\n\t\t\t\t\t\t\t\t\t<p>Bizim Hikayemiz<\/p>\t\t\t\t\t\t\t\t<\/div>\n\t\t\t\t<\/div>\n\t\t\t\t<div class=\"elementor-element elementor-element-f3bdda2 elementor-widget elementor-widget-heading\" data-id=\"f3bdda2\" data-element_type=\"widget\" data-e-type=\"widget\" data-widget_type=\"heading.default\">\n\t\t\t\t<div class=\"elementor-widget-container\">\n\t\t\t\t\t<h2 class=\"elementor-heading-title elementor-size-default\">ME\u015eALEKAZAN HAKKINDA<\/h2>\t\t\t\t<\/div>\n\t\t\t\t<\/div>\n\t\t\t\t<div class=\"elementor-element elementor-element-d6764e2 elementor-widget__width-initial elementor-widget elementor-widget-text-editor\" data-id=\"d6764e2\" data-element_type=\"widget\" data-e-type=\"widget\" data-widget_type=\"text-editor.default\">\n\t\t\t\t<div class=\"elementor-widget-container\">\n\t\t\t\t\t\t\t\t\t<p><br><\/p>\n<p>Me\u015falekazan olarak, i\u015fletmelerin \u00e7ay servisi ihtiya\u00e7lar\u0131n\u0131 en iyi \u015fekilde kar\u015f\u0131lamak i\u00e7in y\u00fcksek kaliteli \u00e7ay kazanlar\u0131 sunuyoruz. Uzun y\u0131llara dayanan tecr\u00fcbemiz ve m\u00fc\u015fteri memnuniyetine verdi\u011fimiz \u00f6nem ile, yenilik\u00e7i ve g\u00fcvenilir \u00e7\u00f6z\u00fcmler \u00fcretiyoruz.<\/p>\n<p>Misyonumuz, m\u00fc\u015fterilerimize en verimli ve dayan\u0131kl\u0131 \u00e7ay kazanlar\u0131n\u0131 sa\u011flayarak onlar\u0131n i\u015f s\u00fcre\u00e7lerini kolayla\u015ft\u0131rmakt\u0131r. Sekt\u00f6rdeki en son teknolojileri takip ederek, \u00e7evre dostu ve enerji tasarruflu \u00fcr\u00fcnler geli\u015ftiriyoruz.<\/p>\n<p>Her zaman m\u00fc\u015fteri odakl\u0131 hizmet anlay\u0131\u015f\u0131m\u0131zla, siz de\u011ferli m\u00fc\u015fterilerimizin ihtiya\u00e7lar\u0131na en uygun \u00e7\u00f6z\u00fcmleri sunmak i\u00e7in buraday\u0131z.<\/p>\n<p>\u00c7ok yak\u0131nda sizlerleyiz!<\/p>\t\t\t\t\t\t\t\t<\/div>\n\t\t\t\t<\/div>\n\t\t\t\t\t<\/div>\n\t\t<\/div>\n\t\t\t\t\t<\/div>\n\t\t<\/section>\n\t\t\t\t<section class=\"elementor-section elementor-top-section elementor-element elementor-element-13a0dcf elementor-section-boxed elementor-section-height-default elementor-section-height-default\" data-id=\"13a0dcf\" data-element_type=\"section\" data-e-type=\"section\">\n\t\t\t\t\t\t<div class=\"elementor-container elementor-column-gap-default\">\n\t\t\t\t\t<div class=\"elementor-column elementor-col-100 elementor-top-column elementor-element elementor-element-881e5ba\" data-id=\"881e5ba\" data-element_type=\"column\" data-e-type=\"column\">\n\t\t\t<div class=\"elementor-widget-wrap elementor-element-populated\">\n\t\t\t\t\t\t<div class=\"elementor-element elementor-element-93e932e elementor-widget elementor-widget-text-editor\" data-id=\"93e932e\" data-element_type=\"widget\" data-e-type=\"widget\" data-widget_type=\"text-editor.default\">\n\t\t\t\t<div class=\"elementor-widget-container\">\n\t\t\t\t\t\t\t\t\t<p>S\u00dcRE\u00c7<\/p>\t\t\t\t\t\t\t\t<\/div>\n\t\t\t\t<\/div>\n\t\t\t\t<div class=\"elementor-element elementor-element-f88b9bc elementor-widget elementor-widget-heading\" data-id=\"f88b9bc\" data-element_type=\"widget\" data-e-type=\"widget\" data-widget_type=\"heading.default\">\n\t\t\t\t<div class=\"elementor-widget-container\">\n\t\t\t\t\t<h2 class=\"elementor-heading-title elementor-size-default\">Nas\u0131l \u00c7al\u0131\u015f\u0131yoruz<\/h2>\t\t\t\t<\/div>\n\t\t\t\t<\/div>\n\t\t\t\t<section class=\"elementor-section elementor-inner-section elementor-element elementor-element-66b6215 mobile-mg-bottom elementor-section-boxed elementor-section-height-default elementor-section-height-default\" data-id=\"66b6215\" data-element_type=\"section\" data-e-type=\"section\">\n\t\t\t\t\t\t<div class=\"elementor-container elementor-column-gap-default\">\n\t\t\t\t\t<div class=\"elementor-column elementor-col-50 elementor-inner-column elementor-element elementor-element-302994e\" data-id=\"302994e\" data-element_type=\"column\" data-e-type=\"column\">\n\t\t\t<div class=\"elementor-widget-wrap elementor-element-populated\">\n\t\t\t\t\t\t<div class=\"elementor-element elementor-element-b7d6187 elementor-position-left elementor-vertical-align-middle elementor-widget elementor-widget-image-box\" data-id=\"b7d6187\" data-element_type=\"widget\" data-e-type=\"widget\" data-widget_type=\"image-box.default\">\n\t\t\t\t<div class=\"elementor-widget-container\">\n\t\t\t\t\t<div class=\"elementor-image-box-wrapper\"><figure class=\"elementor-image-box-img\"><a href=\"#\" tabindex=\"-1\"><img decoding=\"async\" width=\"192\" height=\"192\" src=\"https:\/\/mesalekazan.com\/wp-content\/uploads\/2022\/10\/about-icon-1.png?wsr\" class=\"elementor-animation-shrink attachment-full size-full wp-image-5068\" alt=\"\" \/><\/a><\/figure><div class=\"elementor-image-box-content\"><h4 class=\"elementor-image-box-title\"><a href=\"#\">Teklif Formu Doldurma:<\/a><\/h4><p class=\"elementor-image-box-description\">Web sitemizde yer alan teklif formunu doldurarak, ihtiya\u00e7lar\u0131n\u0131z\u0131 ve beklentilerinizi bize iletebilirsiniz. Formda, i\u015fletmenizin b\u00fcy\u00fckl\u00fc\u011f\u00fc, g\u00fcnl\u00fck \u00e7ay t\u00fcketimi ve \u00f6zel talepleriniz gibi bilgileri belirtmeniz \u00f6nemlidir.\n\n<\/p><\/div><\/div>\t\t\t\t<\/div>\n\t\t\t\t<\/div>\n\t\t\t\t<div class=\"elementor-element elementor-element-69bbd63 elementor-position-left elementor-vertical-align-middle elementor-widget elementor-widget-image-box\" data-id=\"69bbd63\" data-element_type=\"widget\" data-e-type=\"widget\" data-widget_type=\"image-box.default\">\n\t\t\t\t<div class=\"elementor-widget-container\">\n\t\t\t\t\t<div class=\"elementor-image-box-wrapper\"><figure class=\"elementor-image-box-img\"><a href=\"#\" tabindex=\"-1\"><img decoding=\"async\" width=\"192\" height=\"192\" src=\"https:\/\/mesalekazan.com\/wp-content\/uploads\/2022\/10\/about-icon-2.png?wsr\" class=\"elementor-animation-shrink attachment-full size-full wp-image-5070\" alt=\"\" \/><\/a><\/figure><div class=\"elementor-image-box-content\"><h4 class=\"elementor-image-box-title\"><a href=\"#\">Sipari\u015f ve Teslimat:<\/a><\/h4><p class=\"elementor-image-box-description\">Teklifin onaylanmas\u0131n\u0131n ard\u0131ndan sipari\u015finizi olu\u015fturur ve \u00e7ay kazan\u0131n\u0131z\u0131 en k\u0131sa s\u00fcrede size teslim ederiz. Teslimat s\u00fcrecinde, kazan\u0131n\u0131z\u0131n g\u00fcvenli bir \u015fekilde ula\u015fmas\u0131 i\u00e7in \u00f6zen g\u00f6steririz.<\/p><\/div><\/div>\t\t\t\t<\/div>\n\t\t\t\t<\/div>\n\t\t\t\t\t<\/div>\n\t\t<\/div>\n\t\t\t\t<div class=\"elementor-column elementor-col-50 elementor-inner-column elementor-element elementor-element-09e878b\" data-id=\"09e878b\" data-element_type=\"column\" data-e-type=\"column\">\n\t\t\t<div class=\"elementor-widget-wrap elementor-element-populated\">\n\t\t\t\t\t\t<div class=\"elementor-element elementor-element-343f7a0 elementor-position-left elementor-vertical-align-middle elementor-widget elementor-widget-image-box\" data-id=\"343f7a0\" data-element_type=\"widget\" data-e-type=\"widget\" data-widget_type=\"image-box.default\">\n\t\t\t\t<div class=\"elementor-widget-container\">\n\t\t\t\t\t<div class=\"elementor-image-box-wrapper\"><figure class=\"elementor-image-box-img\"><a href=\"#\" tabindex=\"-1\"><img decoding=\"async\" src=\"https:\/\/test.mesalekazan.com\/wp-content\/uploads\/2022\/10\/about-icon-2.png\" title=\"\" alt=\"\" class=\"elementor-animation-shrink\" loading=\"lazy\" \/><\/a><\/figure><div class=\"elementor-image-box-content\"><h4 class=\"elementor-image-box-title\"><a href=\"#\">\u00d6zelle\u015ftirilmi\u015f Teklif:<\/a><\/h4><p class=\"elementor-image-box-description\">\u0130htiya\u00e7 analizinden sonra, size \u00f6zel haz\u0131rlanm\u0131\u015f bir teklif sunar\u0131z. Bu teklifte, se\u00e7ti\u011fimiz \u00e7ay kazan\u0131 modelleri, teknik \u00f6zellikler ve fiyat bilgileri yer al\u0131r. Teklifimizi de\u011ferlendirip onaylad\u0131\u011f\u0131n\u0131zda, sat\u0131\u015f s\u00fcrecinin bir sonraki a\u015famas\u0131na ge\u00e7eriz.<\/p><\/div><\/div>\t\t\t\t<\/div>\n\t\t\t\t<\/div>\n\t\t\t\t<div class=\"elementor-element elementor-element-3b73820 elementor-position-left elementor-vertical-align-middle elementor-widget elementor-widget-image-box\" data-id=\"3b73820\" data-element_type=\"widget\" data-e-type=\"widget\" data-widget_type=\"image-box.default\">\n\t\t\t\t<div class=\"elementor-widget-container\">\n\t\t\t\t\t<div class=\"elementor-image-box-wrapper\"><figure class=\"elementor-image-box-img\"><a href=\"#\" tabindex=\"-1\"><img decoding=\"async\" width=\"192\" height=\"192\" src=\"https:\/\/mesalekazan.com\/wp-content\/uploads\/2022\/10\/about-icon-3.png?wsr\" class=\"elementor-animation-shrink attachment-full size-full wp-image-5071\" alt=\"\" \/><\/a><\/figure><div class=\"elementor-image-box-content\"><h4 class=\"elementor-image-box-title\"><a href=\"#\">Kurulum ve E\u011fitim:<\/a><\/h4><p class=\"elementor-image-box-description\">Teslim edilen \u00e7ay kazan\u0131n\u0131n kurulumunu ger\u00e7ekle\u015ftirir ve i\u015fletmenizin personeline kullan\u0131m e\u011fitimi veririz. Bu sayede, \u00e7ay kazan\u0131n\u0131z\u0131 en verimli \u015fekilde kullanabilirsiniz.\n\n<\/p><\/div><\/div>\t\t\t\t<\/div>\n\t\t\t\t<\/div>\n\t\t\t\t\t<\/div>\n\t\t<\/div>\n\t\t\t\t\t<\/div>\n\t\t<\/section>\n\t\t\t\t\t<\/div>\n\t\t<\/div>\n\t\t\t\t\t<\/div>\n\t\t<\/section>\n\t\t\t\t<section class=\"elementor-section elementor-top-section elementor-element elementor-element-2e2322d elementor-section-stretched elementor-section-boxed elementor-section-height-default elementor-section-height-default\" data-id=\"2e2322d\" data-element_type=\"section\" data-e-type=\"section\" data-settings=\"{&quot;stretch_section&quot;:&quot;section-stretched&quot;,&quot;background_background&quot;:&quot;classic&quot;}\">\n\t\t\t\t\t\t<div class=\"elementor-container elementor-column-gap-default\">\n\t\t\t\t\t<div class=\"elementor-column elementor-col-100 elementor-top-column elementor-element elementor-element-848431e\" data-id=\"848431e\" data-element_type=\"column\" data-e-type=\"column\">\n\t\t\t<div class=\"elementor-widget-wrap elementor-element-populated\">\n\t\t\t\t\t\t<div class=\"elementor-element elementor-element-576733f elementor-widget elementor-widget-heading\" data-id=\"576733f\" data-element_type=\"widget\" data-e-type=\"widget\" data-widget_type=\"heading.default\">\n\t\t\t\t<div class=\"elementor-widget-container\">\n\t\t\t\t\t<h2 class=\"elementor-heading-title elementor-size-default\">M\u00fc\u015fterilerimiz Ne Diyor?<\/h2>\t\t\t\t<\/div>\n\t\t\t\t<\/div>\n\t\t\t\t<div class=\"elementor-element elementor-element-3d02ebb elementor-widget__width-initial elementor-widget elementor-widget-text-editor\" data-id=\"3d02ebb\" data-element_type=\"widget\" data-e-type=\"widget\" data-widget_type=\"text-editor.default\">\n\t\t\t\t<div class=\"elementor-widget-container\">\n\t\t\t\t\t\t\t\t\t<p>Me\u015falekazan olarak, m\u00fc\u015fterilerimizin memnuniyeti bizim i\u00e7in en \u00f6nemli \u00f6ncelik. \u0130\u015fte de\u011ferli m\u00fc\u015fterilerimizden baz\u0131 geri bildirimler:<\/p>\t\t\t\t\t\t\t\t<\/div>\n\t\t\t\t<\/div>\n\t\t\t\t\t<\/div>\n\t\t<\/div>\n\t\t\t\t\t<\/div>\n\t\t<\/section>\n\t\t\t\t<section class=\"elementor-section elementor-top-section elementor-element elementor-element-7f55fb3 elementor-section-boxed elementor-section-height-default elementor-section-height-default\" data-id=\"7f55fb3\" data-element_type=\"section\" data-e-type=\"section\">\n\t\t\t\t\t\t<div class=\"elementor-container elementor-column-gap-default\">\n\t\t\t\t\t<div class=\"elementor-column elementor-col-100 elementor-top-column elementor-element elementor-element-752639c\" data-id=\"752639c\" data-element_type=\"column\" data-e-type=\"column\">\n\t\t\t<div class=\"elementor-widget-wrap elementor-element-populated\">\n\t\t\t\t\t\t<div class=\"elementor-element elementor-element-9585253 elementor-widget elementor-widget-heading\" data-id=\"9585253\" data-element_type=\"widget\" data-e-type=\"widget\" data-widget_type=\"heading.default\">\n\t\t\t\t<div class=\"elementor-widget-container\">\n\t\t\t\t\t<h2 class=\"elementor-heading-title elementor-size-default\">Referanslar\u0131m\u0131z<\/h2>\t\t\t\t<\/div>\n\t\t\t\t<\/div>\n\t\t\t\t<div class=\"elementor-element elementor-element-14d93fe elementor-widget__width-initial elementor-widget elementor-widget-text-editor\" data-id=\"14d93fe\" data-element_type=\"widget\" data-e-type=\"widget\" data-widget_type=\"text-editor.default\">\n\t\t\t\t<div class=\"elementor-widget-container\">\n\t\t\t\t\t\t\t\t\t<p>Me\u015falekazan olarak, i\u015fletmenizin ihtiya\u00e7lar\u0131na y\u00f6nelik en kaliteli \u00e7ay kazanlar\u0131n\u0131 sunuyoruz. her t\u00fcrl\u00fc i\u015fletme i\u00e7in ideal \u00e7\u00f6z\u00fcmleri sizlere sunmaktan gurur duyuyoruz.<\/p>\t\t\t\t\t\t\t\t<\/div>\n\t\t\t\t<\/div>\n\t\t\t\t\t<\/div>\n\t\t<\/div>\n\t\t\t\t\t<\/div>\n\t\t<\/section>\n\t\t\t\t<\/div>\n\t\t","protected":false},"excerpt":{"rendered":"<p>Our Story ABOUT THE TORCHBEARER As Me\u015falekazan, we offer high quality tea boilers to meet the tea service needs of businesses in the best way. With our long years of experience and the importance we attach to customer satisfaction, we produce innovative and reliable solutions. Our mission is to facilitate our customers&#8217; business processes by [&hellip;]<\/p>\n","protected":false},"author":1,"featured_media":0,"parent":0,"menu_order":0,"comment_status":"closed","ping_status":"closed","template":"","meta":{"footnotes":""},"class_list":["post-6160","page","type-page","status-publish","hentry"],"_links":{"self":[{"href":"https:\/\/mesalekazan.com\/en\/wp-json\/wp\/v2\/pages\/6160","targetHints":{"allow":["GET"]}}],"collection":[{"href":"https:\/\/mesalekazan.com\/en\/wp-json\/wp\/v2\/pages"}],"about":[{"href":"https:\/\/mesalekazan.com\/en\/wp-json\/wp\/v2\/types\/page"}],"author":[{"embeddable":true,"href":"https:\/\/mesalekazan.com\/en\/wp-json\/wp\/v2\/users\/1"}],"replies":[{"embeddable":true,"href":"https:\/\/mesalekazan.com\/en\/wp-json\/wp\/v2\/comments?post=6160"}],"version-history":[{"count":0,"href":"https:\/\/mesalekazan.com\/en\/wp-json\/wp\/v2\/pages\/6160\/revisions"}],"wp:attachment":[{"href":"https:\/\/mesalekazan.com\/en\/wp-json\/wp\/v2\/media?parent=6160"}],"curies":[{"name":"wp","href":"https:\/\/api.w.org\/{rel}","templated":true}]}}