{"id":6097,"date":"2021-05-24T10:03:13","date_gmt":"2021-05-24T07:03:13","guid":{"rendered":"https:\/\/mesalekazan.com\/homepage\/"},"modified":"2021-05-24T10:03:13","modified_gmt":"2021-05-24T07:03:13","slug":"homepage","status":"publish","type":"page","link":"https:\/\/mesalekazan.com\/en\/","title":{"rendered":"Homepage"},"content":{"rendered":"\t\t<div data-elementor-type=\"wp-page\" data-elementor-id=\"6097\" class=\"elementor elementor-6097\" data-elementor-post-type=\"page\">\n\t\t\t\t\t\t<section class=\"elementor-section elementor-top-section elementor-element elementor-element-81fbf0c elementor-section-stretched elementor-section-boxed elementor-section-height-default elementor-section-height-default\" data-id=\"81fbf0c\" data-element_type=\"section\" data-e-type=\"section\" data-settings=\"{&quot;stretch_section&quot;:&quot;section-stretched&quot;,&quot;background_background&quot;:&quot;classic&quot;}\">\n\t\t\t\t\t\t<div class=\"elementor-container elementor-column-gap-default\">\n\t\t\t\t\t<div class=\"elementor-column elementor-col-100 elementor-top-column elementor-element elementor-element-2eb4f33\" data-id=\"2eb4f33\" data-element_type=\"column\" data-e-type=\"column\">\n\t\t\t<div class=\"elementor-widget-wrap elementor-element-populated\">\n\t\t\t\t\t\t\t<\/div>\n\t\t<\/div>\n\t\t\t\t\t<\/div>\n\t\t<\/section>\n\t\t\t\t<section class=\"elementor-section elementor-top-section elementor-element elementor-element-a80bd05 elementor-section-boxed elementor-section-height-default elementor-section-height-default\" data-id=\"a80bd05\" data-element_type=\"section\" data-e-type=\"section\">\n\t\t\t\t\t\t<div class=\"elementor-container elementor-column-gap-default\">\n\t\t\t\t\t<div class=\"elementor-column elementor-col-100 elementor-top-column elementor-element elementor-element-de4e927\" data-id=\"de4e927\" data-element_type=\"column\" data-e-type=\"column\">\n\t\t\t<div class=\"elementor-widget-wrap elementor-element-populated\">\n\t\t\t\t\t\t<div class=\"elementor-element elementor-element-2732259 elementor-widget elementor-widget-ts-products-in-product-type-tabs\" data-id=\"2732259\" data-element_type=\"widget\" data-e-type=\"widget\" data-widget_type=\"ts-products-in-product-type-tabs.default\">\n\t\t\t\t<div class=\"elementor-widget-container\">\n\t\t\t\t\t\t\t<div class=\"ts-product-in-product-type-tab-wrapper ts-shortcode ts-product style-tabs-default grid\" id=\"ts-product-in-product-type-tab-253\" data-atts=\"{&quot;columns&quot;:4,&quot;rows&quot;:&quot;1&quot;,&quot;limit&quot;:8,&quot;product_cats&quot;:&quot;&quot;,&quot;include_children&quot;:1,&quot;product_type&quot;:&quot;best_selling&quot;,&quot;show_image&quot;:&quot;1&quot;,&quot;show_title&quot;:&quot;1&quot;,&quot;show_sku&quot;:&quot;0&quot;,&quot;show_price&quot;:&quot;1&quot;,&quot;show_short_desc&quot;:&quot;0&quot;,&quot;show_rating&quot;:&quot;1&quot;,&quot;show_label&quot;:&quot;1&quot;,&quot;show_categories&quot;:&quot;0&quot;,&quot;show_brands&quot;:&quot;0&quot;,&quot;show_add_to_cart&quot;:&quot;1&quot;,&quot;show_color_swatch&quot;:&quot;0&quot;,&quot;number_color_swatch&quot;:null,&quot;is_slider&quot;:0,&quot;show_nav&quot;:&quot;0&quot;,&quot;auto_play&quot;:&quot;0&quot;}\" >\n\t\t\t<div class=\"column-tabs\">\n\t\t\t\n\t\t\t\t\t\t\t\t\n\t\t\t\t<ul class=\"tabs\">\n\t\t\t\t\t\t\t\t\t<li class=\"tab-item active current\" data-product_type=\"best_selling\"> ME\u015eALEKAZAN<\/li>\n\t\t\t\t\t\t\t\t\t<li class=\"tab-item \" data-product_type=\"top_rated\">\u00c7AY KAZANLARI<\/li>\n\t\t\t\t\t\t\t\t<\/ul>\n\t\t\t<\/div>\n\t\t\t\n\t\t\t<div class=\"column-content\">\n\t\t\t\n\t\t\t\t<div class=\"column-products woocommerce columns-4 best_selling \">\n\t\t\t\t\t<div class=\"products\">\r\n<\/div>\t\t\t\t<\/div>\n\t\t\t\t\n\t\t\t<\/div>\n\t\t<\/div>\n\t\t\t\t\t\t<\/div>\n\t\t\t\t<\/div>\n\t\t\t\t\t<\/div>\n\t\t<\/div>\n\t\t\t\t\t<\/div>\n\t\t<\/section>\n\t\t\t\t<section class=\"elementor-section elementor-top-section elementor-element elementor-element-dc78062 elementor-section-stretched elementor-section-boxed elementor-section-height-default elementor-section-height-default\" data-id=\"dc78062\" data-element_type=\"section\" data-e-type=\"section\" data-settings=\"{&quot;stretch_section&quot;:&quot;section-stretched&quot;,&quot;background_background&quot;:&quot;classic&quot;}\">\n\t\t\t\t\t\t<div class=\"elementor-container elementor-column-gap-default\">\n\t\t\t\t\t<div class=\"elementor-column elementor-col-100 elementor-top-column elementor-element elementor-element-5e4a277\" data-id=\"5e4a277\" data-element_type=\"column\" data-e-type=\"column\">\n\t\t\t<div class=\"elementor-widget-wrap elementor-element-populated\">\n\t\t\t\t\t\t<div class=\"elementor-element elementor-element-fdf1407 elementor-widget elementor-widget-text-editor\" data-id=\"fdf1407\" data-element_type=\"widget\" data-e-type=\"widget\" data-widget_type=\"text-editor.default\">\n\t\t\t\t<div class=\"elementor-widget-container\">\n\t\t\t\t\t\t\t\t\t<p>PROFESYONEL EK\u0130P DESTE\u011e\u0130<\/p>\t\t\t\t\t\t\t\t<\/div>\n\t\t\t\t<\/div>\n\t\t\t\t<div class=\"elementor-element elementor-element-5ffff48 elementor-widget__width-initial elementor-widget elementor-widget-heading\" data-id=\"5ffff48\" data-element_type=\"widget\" data-e-type=\"widget\" data-widget_type=\"heading.default\">\n\t\t\t\t<div class=\"elementor-widget-container\">\n\t\t\t\t\t<h2 class=\"elementor-heading-title elementor-size-default\">M\u00dc\u015eTER\u0130 NEDEN B\u0130Z\u0130 SE\u00c7MEL\u0130 ?<\/h2>\t\t\t\t<\/div>\n\t\t\t\t<\/div>\n\t\t\t\t<section class=\"elementor-section elementor-inner-section elementor-element elementor-element-f7d1265 elementor-section-boxed elementor-section-height-default elementor-section-height-default\" data-id=\"f7d1265\" data-element_type=\"section\" data-e-type=\"section\">\n\t\t\t\t\t\t<div class=\"elementor-container elementor-column-gap-default\">\n\t\t\t\t\t<div class=\"elementor-column elementor-col-33 elementor-inner-column elementor-element elementor-element-40e7686\" data-id=\"40e7686\" data-element_type=\"column\" data-e-type=\"column\">\n\t\t\t<div class=\"elementor-widget-wrap elementor-element-populated\">\n\t\t\t\t\t\t<div class=\"elementor-element elementor-element-940dec9 icon-2x elementor-position-top elementor-widget elementor-widget-image-box\" data-id=\"940dec9\" data-element_type=\"widget\" data-e-type=\"widget\" data-widget_type=\"image-box.default\">\n\t\t\t\t<div class=\"elementor-widget-container\">\n\t\t\t\t\t<div class=\"elementor-image-box-wrapper\"><figure class=\"elementor-image-box-img\"><img decoding=\"async\" width=\"140\" height=\"140\" src=\"https:\/\/mesalekazan.com\/wp-content\/uploads\/2022\/10\/icon-1.png?wsr\" class=\"attachment-full size-full wp-image-5023\" alt=\"\" \/><\/figure><div class=\"elementor-image-box-content\"><h4 class=\"elementor-image-box-title\">En \u0130yi Kalite<\/h4><p class=\"elementor-image-box-description\">ME\u015eALEKAZAN \u00dcr\u00fcnleri kalitesi<\/p><\/div><\/div>\t\t\t\t<\/div>\n\t\t\t\t<\/div>\n\t\t\t\t\t<\/div>\n\t\t<\/div>\n\t\t\t\t<div class=\"elementor-column elementor-col-33 elementor-inner-column elementor-element elementor-element-5ee4a69\" data-id=\"5ee4a69\" data-element_type=\"column\" data-e-type=\"column\">\n\t\t\t<div class=\"elementor-widget-wrap elementor-element-populated\">\n\t\t\t\t\t\t<div class=\"elementor-element elementor-element-d249e3e icon-2x elementor-position-top elementor-widget elementor-widget-image-box\" data-id=\"d249e3e\" data-element_type=\"widget\" data-e-type=\"widget\" data-widget_type=\"image-box.default\">\n\t\t\t\t<div class=\"elementor-widget-container\">\n\t\t\t\t\t<div class=\"elementor-image-box-wrapper\"><figure class=\"elementor-image-box-img\"><img decoding=\"async\" width=\"140\" height=\"140\" src=\"https:\/\/mesalekazan.com\/wp-content\/uploads\/2022\/10\/icon-2.png?wsr\" class=\"attachment-full size-full wp-image-5025\" alt=\"\" \/><\/figure><div class=\"elementor-image-box-content\"><h4 class=\"elementor-image-box-title\">Nakliye<\/h4><p class=\"elementor-image-box-description\">7\/24 H\u0131zl\u0131 VE G\u00fcvenilir Servis<\/p><\/div><\/div>\t\t\t\t<\/div>\n\t\t\t\t<\/div>\n\t\t\t\t\t<\/div>\n\t\t<\/div>\n\t\t\t\t<div class=\"elementor-column elementor-col-33 elementor-inner-column elementor-element elementor-element-f685669\" data-id=\"f685669\" data-element_type=\"column\" data-e-type=\"column\">\n\t\t\t<div class=\"elementor-widget-wrap elementor-element-populated\">\n\t\t\t\t\t\t<div class=\"elementor-element elementor-element-bf69361 icon-2x elementor-position-top elementor-widget elementor-widget-image-box\" data-id=\"bf69361\" data-element_type=\"widget\" data-e-type=\"widget\" data-widget_type=\"image-box.default\">\n\t\t\t\t<div class=\"elementor-widget-container\">\n\t\t\t\t\t<div class=\"elementor-image-box-wrapper\"><figure class=\"elementor-image-box-img\"><img decoding=\"async\" width=\"140\" height=\"140\" src=\"https:\/\/mesalekazan.com\/wp-content\/uploads\/2022\/10\/icon-3.png?wsr\" class=\"attachment-full size-full wp-image-5027\" alt=\"\" \/><\/figure><div class=\"elementor-image-box-content\"><h4 class=\"elementor-image-box-title\">7\/24 Destek <\/h4><p class=\"elementor-image-box-description\">G\u00fcn\u00fcn 24 Saati Ula\u015f\u0131labilir<\/p><\/div><\/div>\t\t\t\t<\/div>\n\t\t\t\t<\/div>\n\t\t\t\t\t<\/div>\n\t\t<\/div>\n\t\t\t\t\t<\/div>\n\t\t<\/section>\n\t\t\t\t\t<\/div>\n\t\t<\/div>\n\t\t\t\t\t<\/div>\n\t\t<\/section>\n\t\t\t\t<section class=\"elementor-section elementor-top-section elementor-element elementor-element-4e0b369 elementor-section-full_width elementor-section-stretched elementor-section-height-default elementor-section-height-default\" data-id=\"4e0b369\" data-element_type=\"section\" data-e-type=\"section\" data-settings=\"{&quot;stretch_section&quot;:&quot;section-stretched&quot;}\">\n\t\t\t\t\t\t<div class=\"elementor-container elementor-column-gap-no\">\n\t\t\t\t\t<div class=\"elementor-column elementor-col-50 elementor-top-column elementor-element elementor-element-c31851a\" data-id=\"c31851a\" data-element_type=\"column\" data-e-type=\"column\">\n\t\t\t<div class=\"elementor-widget-wrap elementor-element-populated\">\n\t\t\t\t\t\t<div class=\"elementor-element elementor-element-fed4f13 elementor-widget elementor-widget-ts-banner\" data-id=\"fed4f13\" data-element_type=\"widget\" data-e-type=\"widget\" data-widget_type=\"ts-banner.default\">\n\t\t\t\t<div class=\"elementor-widget-container\">\n\t\t\t\t\t\t\t<div class=\"ts-banner eff-zoom-in button-default description-bottom left-center\">\n\t\t\t<div class=\"banner-wrapper\">\n\t\t\t\n\t\t\t\t\t\t\t\t<a class=\"banner-link\" href=\"https:\/\/test.mesalekazan.com\/product-category\/exhaust-pipes\/\" target=\"_blank\" rel=\"nofollow\"><\/a>\n\t\t\t\t\t\t\t\t\t\n\t\t\t\t<div class=\"banner-bg\">\n\t\t\t\t\t<div class=\"bg-content\">\n\t\t\t\t\t<img loading=\"lazy\" decoding=\"async\" width=\"1366\" height=\"765\" src=\"https:\/\/mesalekazan.com\/wp-content\/uploads\/2024\/07\/kampanya-kazan.png?wsr\" class=\"img\" alt=\"\" srcset=\"https:\/\/mesalekazan.com\/wp-content\/uploads\/2024\/07\/kampanya-kazan.png 1366w, https:\/\/mesalekazan.com\/wp-content\/uploads\/2024\/07\/kampanya-kazan-460x258.png 460w, https:\/\/mesalekazan.com\/wp-content\/uploads\/2024\/07\/kampanya-kazan-765x428.png 765w, https:\/\/mesalekazan.com\/wp-content\/uploads\/2024\/07\/kampanya-kazan-300x168.png 300w, https:\/\/mesalekazan.com\/wp-content\/uploads\/2024\/07\/kampanya-kazan-600x336.png 600w\" sizes=\"(max-width: 1366px) 100vw, 1366px\" \/>\t\t\t\t\t<\/div>\n\t\t\t\t<\/div>\n\t\t\t\t\t\t\t\n\t\t\t\t<div class=\"box-content\">\n\t\t\t\t\t<div>\n\t\t\t\t\t\n\t\t\t\t\t\t\t\t\t\t\n\t\t\t\t\t\t<h2>KAMPANYALI \u00c7AY KAZANI<\/h2>\n\t\t\t\t\t\t\t\t\t\t\t\t\n\t\t\t\t\t\t\t\t\t\t\n\t\t\t\t\t\t<div class=\"description\"><p><strong>%25<\/strong> \u0130ND\u0130R\u0130ML\u0130 \u00c7AY KAZANI<\/p><\/div>\n\t\t\t\t\t\t\t\t\t\t\t\t\n\t\t\t\t\t\t\t\t\t\t\t\t<div class=\"ts-banner-button\">\n\t\t\t\t\t\t\t<a class=\"button\" href=\"https:\/\/test.mesalekazan.com\/product-category\/exhaust-pipes\/\" target=\"_blank\" rel=\"nofollow\">TEKL\u0130F \u0130STE<\/a>\n\t\t\t\t\t\t<\/div>\n\t\t\t\t\t\t\t\t\t\t\t\t\n\t\t\t\t\t<\/div>\n\t\t\t\t<\/div>\n\t\t\t\t\n\t\t\t<\/div>\n\t\t<\/div>\n\t\t\t\t\t\t<\/div>\n\t\t\t\t<\/div>\n\t\t\t\t\t<\/div>\n\t\t<\/div>\n\t\t\t\t<div class=\"elementor-column elementor-col-50 elementor-top-column elementor-element elementor-element-dfe8f6a\" data-id=\"dfe8f6a\" data-element_type=\"column\" data-e-type=\"column\">\n\t\t\t<div class=\"elementor-widget-wrap elementor-element-populated\">\n\t\t\t\t\t\t<div class=\"elementor-element elementor-element-63012b2 elementor-widget elementor-widget-ts-banner\" data-id=\"63012b2\" data-element_type=\"widget\" data-e-type=\"widget\" data-widget_type=\"ts-banner.default\">\n\t\t\t\t<div class=\"elementor-widget-container\">\n\t\t\t\t\t\t\t<div class=\"ts-banner eff-zoom-in button-default description-bottom left-center\">\n\t\t\t<div class=\"banner-wrapper\">\n\t\t\t\n\t\t\t\t\t\t\t\t<a class=\"banner-link\" href=\"https:\/\/test.mesalekazan.com\/product-category\/brake\/\" target=\"_blank\" rel=\"nofollow\"><\/a>\n\t\t\t\t\t\t\t\t\t\n\t\t\t\t<div class=\"banner-bg\">\n\t\t\t\t\t<div class=\"bg-content\">\n\t\t\t\t\t<img loading=\"lazy\" decoding=\"async\" width=\"1366\" height=\"765\" src=\"https:\/\/mesalekazan.com\/wp-content\/uploads\/2024\/07\/kampanya-kazan-1.png?wsr\" class=\"img\" alt=\"\" srcset=\"https:\/\/mesalekazan.com\/wp-content\/uploads\/2024\/07\/kampanya-kazan-1.png 1366w, https:\/\/mesalekazan.com\/wp-content\/uploads\/2024\/07\/kampanya-kazan-1-460x258.png 460w, https:\/\/mesalekazan.com\/wp-content\/uploads\/2024\/07\/kampanya-kazan-1-765x428.png 765w, https:\/\/mesalekazan.com\/wp-content\/uploads\/2024\/07\/kampanya-kazan-1-300x168.png 300w, https:\/\/mesalekazan.com\/wp-content\/uploads\/2024\/07\/kampanya-kazan-1-600x336.png 600w\" sizes=\"(max-width: 1366px) 100vw, 1366px\" \/>\t\t\t\t\t<\/div>\n\t\t\t\t<\/div>\n\t\t\t\t\t\t\t\n\t\t\t\t<div class=\"box-content\">\n\t\t\t\t\t<div>\n\t\t\t\t\t\n\t\t\t\t\t\t\t\t\t\t\n\t\t\t\t\t\t<h2>KAMPANYALI \u00c7AY KAZANI<\/h2>\n\t\t\t\t\t\t\t\t\t\t\t\t\n\t\t\t\t\t\t\t\t\t\t\n\t\t\t\t\t\t<div class=\"description\"><p>%25 \u0130ND\u0130R\u0130ML\u0130 \u00c7AY KAZANI\u00a0<\/p><\/div>\n\t\t\t\t\t\t\t\t\t\t\t\t\n\t\t\t\t\t\t\t\t\t\t\t\t<div class=\"ts-banner-button\">\n\t\t\t\t\t\t\t<a class=\"button\" href=\"https:\/\/test.mesalekazan.com\/product-category\/brake\/\" target=\"_blank\" rel=\"nofollow\">Teklif \u0130ste <\/a>\n\t\t\t\t\t\t<\/div>\n\t\t\t\t\t\t\t\t\t\t\t\t\n\t\t\t\t\t<\/div>\n\t\t\t\t<\/div>\n\t\t\t\t\n\t\t\t<\/div>\n\t\t<\/div>\n\t\t\t\t\t\t<\/div>\n\t\t\t\t<\/div>\n\t\t\t\t\t<\/div>\n\t\t<\/div>\n\t\t\t\t\t<\/div>\n\t\t<\/section>\n\t\t\t\t<section class=\"elementor-section elementor-top-section elementor-element elementor-element-66ffb4d elementor-section-boxed elementor-section-height-default elementor-section-height-default\" data-id=\"66ffb4d\" data-element_type=\"section\" data-e-type=\"section\">\n\t\t\t\t\t\t<div class=\"elementor-container elementor-column-gap-default\">\n\t\t\t\t\t<div class=\"elementor-column elementor-col-100 elementor-top-column elementor-element elementor-element-6c7a41c\" data-id=\"6c7a41c\" data-element_type=\"column\" data-e-type=\"column\">\n\t\t\t<div class=\"elementor-widget-wrap elementor-element-populated\">\n\t\t\t\t\t\t<div class=\"elementor-element elementor-element-d2e99c7 elementor-widget elementor-widget-heading\" data-id=\"d2e99c7\" data-element_type=\"widget\" data-e-type=\"widget\" data-widget_type=\"heading.default\">\n\t\t\t\t<div class=\"elementor-widget-container\">\n\t\t\t\t\t<h2 class=\"elementor-heading-title elementor-size-default\">BLOG<\/h2>\t\t\t\t<\/div>\n\t\t\t\t<\/div>\n\t\t\t\t<section class=\"elementor-section elementor-inner-section elementor-element elementor-element-0f20921 elementor-section-boxed elementor-section-height-default elementor-section-height-default\" data-id=\"0f20921\" data-element_type=\"section\" data-e-type=\"section\">\n\t\t\t\t\t\t<div class=\"elementor-container elementor-column-gap-no\">\n\t\t\t\t\t<div class=\"elementor-column elementor-col-50 elementor-inner-column elementor-element elementor-element-1f52b9c\" data-id=\"1f52b9c\" data-element_type=\"column\" data-e-type=\"column\">\n\t\t\t<div class=\"elementor-widget-wrap elementor-element-populated\">\n\t\t\t\t\t\t\t<\/div>\n\t\t<\/div>\n\t\t\t\t<div class=\"elementor-column elementor-col-50 elementor-inner-column elementor-element elementor-element-47a3d5f\" data-id=\"47a3d5f\" data-element_type=\"column\" data-e-type=\"column\">\n\t\t\t<div class=\"elementor-widget-wrap elementor-element-populated\">\n\t\t\t\t\t\t\t<\/div>\n\t\t<\/div>\n\t\t\t\t\t<\/div>\n\t\t<\/section>\n\t\t\t\t\t<\/div>\n\t\t<\/div>\n\t\t\t\t\t<\/div>\n\t\t<\/section>\n\t\t\t\t<section class=\"elementor-section elementor-top-section elementor-element elementor-element-c823905 elementor-section-boxed elementor-section-height-default elementor-section-height-default\" data-id=\"c823905\" data-element_type=\"section\" data-e-type=\"section\">\n\t\t\t\t\t\t<div class=\"elementor-container elementor-column-gap-default\">\n\t\t\t\t\t<div class=\"elementor-column elementor-col-100 elementor-top-column elementor-element elementor-element-5cc3205\" data-id=\"5cc3205\" data-element_type=\"column\" data-e-type=\"column\">\n\t\t\t<div class=\"elementor-widget-wrap elementor-element-populated\">\n\t\t\t\t\t\t<div class=\"elementor-element elementor-element-9aea2cc elementor-widget elementor-widget-heading\" data-id=\"9aea2cc\" data-element_type=\"widget\" data-e-type=\"widget\" data-widget_type=\"heading.default\">\n\t\t\t\t<div class=\"elementor-widget-container\">\n\t\t\t\t\t<h2 class=\"elementor-heading-title elementor-size-default\">REFERANSLARIMIZ<\/h2>\t\t\t\t<\/div>\n\t\t\t\t<\/div>\n\t\t\t\t\t<\/div>\n\t\t<\/div>\n\t\t\t\t\t<\/div>\n\t\t<\/section>\n\t\t<div class=\"elementor-element elementor-element-d7029f5 e-flex e-con-boxed e-con e-parent\" data-id=\"d7029f5\" data-element_type=\"container\" data-e-type=\"container\">\n\t\t\t\t\t<div class=\"e-con-inner\">\n\t\t\t\t<div class=\"elementor-element elementor-element-adb53a9 elementor-widget elementor-widget-text-editor\" data-id=\"adb53a9\" data-element_type=\"widget\" data-e-type=\"widget\" data-widget_type=\"text-editor.default\">\n\t\t\t\t<div class=\"elementor-widget-container\">\n\t\t\t\t\t\t\t\t\t<p>Me\u015falekazan olarak, i\u015fletmenizin ihtiya\u00e7lar\u0131na y\u00f6nelik en kaliteli \u00e7ay kazanlar\u0131n\u0131 sunuyoruz. her t\u00fcrl\u00fc i\u015fletme i\u00e7in ideal \u00e7\u00f6z\u00fcmleri sizlere sunmaktan gurur duyuyoruz.<\/p>\t\t\t\t\t\t\t\t<\/div>\n\t\t\t\t<\/div>\n\t\t\t\t\t<\/div>\n\t\t\t\t<\/div>\n\t\t<div class=\"elementor-element elementor-element-b3dd723 e-flex e-con-boxed e-con e-parent\" data-id=\"b3dd723\" data-element_type=\"container\" data-e-type=\"container\">\n\t\t\t\t\t<div class=\"e-con-inner\">\n\t\t\t\t\t<\/div>\n\t\t\t\t<\/div>\n\t\t\t\t<\/div>\n\t\t","protected":false},"excerpt":{"rendered":"<p>CATEGORIES TEA BOILERS ANCIENT COPPER &nbsp; INOX &nbsp; CHROMATE &nbsp; TORCHBLOWER TEA BOILERS &nbsp; Quick viewCompare 4 Teapot Inox Turbo Electric Digital Timer Full Automatic Tea Boiler Read more &nbsp; Quick viewCompare 3 Teapot Inox Monolithic Turbo Full Electric Tea Boiler Read more &nbsp; Quick viewCompare 2 Teapot Chromate Monolithic Full Electric Black Turbo Tea [&hellip;]<\/p>\n","protected":false},"author":1,"featured_media":0,"parent":0,"menu_order":0,"comment_status":"closed","ping_status":"closed","template":"","meta":{"footnotes":""},"class_list":["post-6097","page","type-page","status-publish","hentry"],"_links":{"self":[{"href":"https:\/\/mesalekazan.com\/en\/wp-json\/wp\/v2\/pages\/6097","targetHints":{"allow":["GET"]}}],"collection":[{"href":"https:\/\/mesalekazan.com\/en\/wp-json\/wp\/v2\/pages"}],"about":[{"href":"https:\/\/mesalekazan.com\/en\/wp-json\/wp\/v2\/types\/page"}],"author":[{"embeddable":true,"href":"https:\/\/mesalekazan.com\/en\/wp-json\/wp\/v2\/users\/1"}],"replies":[{"embeddable":true,"href":"https:\/\/mesalekazan.com\/en\/wp-json\/wp\/v2\/comments?post=6097"}],"version-history":[{"count":0,"href":"https:\/\/mesalekazan.com\/en\/wp-json\/wp\/v2\/pages\/6097\/revisions"}],"wp:attachment":[{"href":"https:\/\/mesalekazan.com\/en\/wp-json\/wp\/v2\/media?parent=6097"}],"curies":[{"name":"wp","href":"https:\/\/api.w.org\/{rel}","templated":true}]}}